{"id":571,"date":"2018-10-01T13:10:34","date_gmt":"2018-10-01T13:10:34","guid":{"rendered":"https:\/\/www.idv-fr.org\/index.php\/contact-us\/"},"modified":"2025-03-19T12:12:18","modified_gmt":"2025-03-19T11:12:18","slug":"formulaire-contact","status":"publish","type":"page","link":"https:\/\/www.idv-fr.org\/index.php\/formulaire-contact\/","title":{"rendered":"CONTACT"},"content":{"rendered":"\t\t<div data-elementor-type=\"wp-post\" data-elementor-id=\"571\" class=\"elementor elementor-571\">\n\t\t\t\t\t\t<section class=\"elementor-section elementor-top-section elementor-element elementor-element-49a32edb elementor-section-height-min-height elementor-section-content-middle elementor-section-boxed elementor-section-height-default elementor-section-items-middle\" data-id=\"49a32edb\" data-element_type=\"section\" data-settings=\"{&quot;background_background&quot;:&quot;classic&quot;,&quot;shape_divider_bottom&quot;:&quot;triangle&quot;}\">\n\t\t\t\t\t\t\t<div class=\"elementor-background-overlay\"><\/div>\n\t\t\t\t\t\t<div class=\"elementor-shape elementor-shape-bottom\" aria-hidden=\"true\" data-negative=\"false\">\n\t\t\t<svg xmlns=\"http:\/\/www.w3.org\/2000\/svg\" viewBox=\"0 0 1000 100\" preserveAspectRatio=\"none\">\n\t<path class=\"elementor-shape-fill\" d=\"M500,98.9L0,6.1V0h1000v6.1L500,98.9z\"\/>\n<\/svg>\t\t<\/div>\n\t\t\t\t\t<div class=\"elementor-container elementor-column-gap-extended\">\n\t\t\t\t\t<div class=\"elementor-column elementor-col-100 elementor-top-column elementor-element elementor-element-28c9d61d\" data-id=\"28c9d61d\" data-element_type=\"column\">\n\t\t\t<div class=\"elementor-widget-wrap elementor-element-populated\">\n\t\t\t\t\t\t<div class=\"elementor-element elementor-element-74358757 elementor-widget elementor-widget-image\" data-id=\"74358757\" data-element_type=\"widget\" data-widget_type=\"image.default\">\n\t\t\t\t<div class=\"elementor-widget-container\">\n\t\t\t\t\t\t\t\t\t\t\t\t\t\t\t<img decoding=\"async\" src=\"https:\/\/www.idv-fr.org\/wp-content\/uploads\/2022\/09\/divider-free-img-1.png\" title=\"\" alt=\"\" loading=\"lazy\" \/>\t\t\t\t\t\t\t\t\t\t\t\t\t\t\t<\/div>\n\t\t\t\t<\/div>\n\t\t\t\t<div class=\"elementor-element elementor-element-65a52cee elementor-invisible elementor-widget elementor-widget-heading\" data-id=\"65a52cee\" data-element_type=\"widget\" data-settings=\"{&quot;_animation&quot;:&quot;fadeInUp&quot;,&quot;_animation_delay&quot;:200}\" data-widget_type=\"heading.default\">\n\t\t\t\t<div class=\"elementor-widget-container\">\n\t\t\t\t\t<h1 class=\"elementor-heading-title elementor-size-default\">CONTACT<\/h1>\t\t\t\t<\/div>\n\t\t\t\t<\/div>\n\t\t\t\t\t<\/div>\n\t\t<\/div>\n\t\t\t\t\t<\/div>\n\t\t<\/section>\n\t\t\t\t<section class=\"elementor-section elementor-top-section elementor-element elementor-element-f6637ba elementor-section-boxed elementor-section-height-default elementor-section-height-default\" data-id=\"f6637ba\" data-element_type=\"section\">\n\t\t\t\t\t\t<div class=\"elementor-container elementor-column-gap-default\">\n\t\t\t\t\t<div class=\"elementor-column elementor-col-100 elementor-top-column elementor-element elementor-element-12ede2d\" data-id=\"12ede2d\" data-element_type=\"column\">\n\t\t\t<div class=\"elementor-widget-wrap elementor-element-populated\">\n\t\t\t\t\t\t<div class=\"elementor-element elementor-element-fadb97f elementor-widget elementor-widget-spacer\" data-id=\"fadb97f\" data-element_type=\"widget\" data-widget_type=\"spacer.default\">\n\t\t\t\t<div class=\"elementor-widget-container\">\n\t\t\t\t\t\t\t<div class=\"elementor-spacer\">\n\t\t\t<div class=\"elementor-spacer-inner\"><\/div>\n\t\t<\/div>\n\t\t\t\t\t\t<\/div>\n\t\t\t\t<\/div>\n\t\t\t\t<div class=\"elementor-element elementor-element-bc8c282 elementor-widget elementor-widget-heading\" data-id=\"bc8c282\" data-element_type=\"widget\" data-widget_type=\"heading.default\">\n\t\t\t\t<div class=\"elementor-widget-container\">\n\t\t\t\t\t<h2 class=\"elementor-heading-title elementor-size-large\">BESOIN D'UN RENSEIGNEMENT ? UNE QUESTION ? <br> VOUS SOUHAITEZ RECEVOIR L'INFORMATION \u00c0 CHAQUE SORTIE DE BULLETIN ? <br>\nVEUILLEZ REMPLIR LE FORMULAIRE DE CONTACT CI-DESSOUS  ! <br><br><\/h2>\t\t\t\t<\/div>\n\t\t\t\t<\/div>\n\t\t\t\t<div class=\"elementor-element elementor-element-8f86605 elementor-widget elementor-widget-spacer\" data-id=\"8f86605\" data-element_type=\"widget\" data-widget_type=\"spacer.default\">\n\t\t\t\t<div class=\"elementor-widget-container\">\n\t\t\t\t\t\t\t<div class=\"elementor-spacer\">\n\t\t\t<div class=\"elementor-spacer-inner\"><\/div>\n\t\t<\/div>\n\t\t\t\t\t\t<\/div>\n\t\t\t\t<\/div>\n\t\t\t\t\t<\/div>\n\t\t<\/div>\n\t\t\t\t\t<\/div>\n\t\t<\/section>\n\t\t\t\t<section class=\"elementor-section elementor-top-section elementor-element elementor-element-997c847 elementor-section-boxed elementor-section-height-default elementor-section-height-default\" data-id=\"997c847\" data-element_type=\"section\">\n\t\t\t\t\t\t<div class=\"elementor-container elementor-column-gap-default\">\n\t\t\t\t\t<div class=\"elementor-column elementor-col-100 elementor-top-column elementor-element elementor-element-c8104db\" data-id=\"c8104db\" data-element_type=\"column\">\n\t\t\t<div class=\"elementor-widget-wrap elementor-element-populated\">\n\t\t\t\t\t\t<div class=\"elementor-element elementor-element-a427bcf e-transform elementor-widget elementor-widget-wpforms\" data-id=\"a427bcf\" data-element_type=\"widget\" data-settings=\"{&quot;_transform_translateY_effect&quot;:{&quot;unit&quot;:&quot;px&quot;,&quot;size&quot;:-61,&quot;sizes&quot;:[]},&quot;_transform_translateX_effect&quot;:{&quot;unit&quot;:&quot;px&quot;,&quot;size&quot;:&quot;&quot;,&quot;sizes&quot;:[]},&quot;_transform_translateX_effect_tablet&quot;:{&quot;unit&quot;:&quot;px&quot;,&quot;size&quot;:&quot;&quot;,&quot;sizes&quot;:[]},&quot;_transform_translateX_effect_mobile_extra&quot;:{&quot;unit&quot;:&quot;px&quot;,&quot;size&quot;:&quot;&quot;,&quot;sizes&quot;:[]},&quot;_transform_translateX_effect_mobile&quot;:{&quot;unit&quot;:&quot;px&quot;,&quot;size&quot;:&quot;&quot;,&quot;sizes&quot;:[]},&quot;_transform_translateY_effect_tablet&quot;:{&quot;unit&quot;:&quot;px&quot;,&quot;size&quot;:&quot;&quot;,&quot;sizes&quot;:[]},&quot;_transform_translateY_effect_mobile_extra&quot;:{&quot;unit&quot;:&quot;px&quot;,&quot;size&quot;:&quot;&quot;,&quot;sizes&quot;:[]},&quot;_transform_translateY_effect_mobile&quot;:{&quot;unit&quot;:&quot;px&quot;,&quot;size&quot;:&quot;&quot;,&quot;sizes&quot;:[]}}\" data-widget_type=\"wpforms.default\">\n\t\t\t\t<div class=\"elementor-widget-container\">\n\t\t\t\t\t<div class=\"wpforms-container \" id=\"wpforms-106\"><form id=\"wpforms-form-106\" class=\"wpforms-validate wpforms-form\" data-formid=\"106\" method=\"post\" enctype=\"multipart\/form-data\" action=\"\/index.php\/wp-json\/wp\/v2\/pages\/571\" data-token=\"c872afd2bc24a49014fdebda5576248e\" data-token-time=\"1777458093\"><noscript class=\"wpforms-error-noscript\">Veuillez activer JavaScript dans votre navigateur pour remplir ce formulaire.<\/noscript><div class=\"wpforms-field-container\"><div id=\"wpforms-106-field_0-container\" class=\"wpforms-field wpforms-field-name\" data-field-id=\"0\"><label class=\"wpforms-field-label wpforms-label-hide\" for=\"wpforms-106-field_0\">Nom <span class=\"wpforms-required-label\">*<\/span><\/label><input type=\"text\" id=\"wpforms-106-field_0\" class=\"wpforms-field-large wpforms-field-required\" name=\"wpforms[fields][0]\" placeholder=\"Nom - Pr\u00e9nom\" required><\/div><div id=\"wpforms-106-field_1-container\" class=\"wpforms-field wpforms-field-email\" data-field-id=\"1\"><label class=\"wpforms-field-label wpforms-label-hide\" for=\"wpforms-106-field_1\">Email <span class=\"wpforms-required-label\">*<\/span><\/label><input type=\"email\" id=\"wpforms-106-field_1\" class=\"wpforms-field-large wpforms-field-required\" name=\"wpforms[fields][1]\" placeholder=\"Mail\" spellcheck=\"false\" required><\/div><div id=\"wpforms-106-field_6-container\" class=\"wpforms-field wpforms-field-email\" data-field-id=\"6\"><label class=\"wpforms-field-label wpforms-label-hide\" for=\"wpforms-106-field_6\">T\u00e9l\u00e9phone <span class=\"wpforms-required-label\">*<\/span><\/label><input type=\"email\" id=\"wpforms-106-field_6\" class=\"wpforms-field-large wpforms-field-required\" name=\"wpforms[fields][6]\" placeholder=\"T\u00e9l\u00e9phone\" spellcheck=\"false\" required><\/div><div id=\"wpforms-106-field_3-container\" class=\"wpforms-field wpforms-field-text\" data-field-id=\"3\"><label class=\"wpforms-field-label wpforms-label-hide\" for=\"wpforms-106-field_3\">Objet <span class=\"wpforms-required-label\">*<\/span><\/label><input type=\"text\" id=\"wpforms-106-field_3\" class=\"wpforms-field-large wpforms-field-required\" name=\"wpforms[fields][3]\" placeholder=\"Objet\" required><\/div><div id=\"wpforms-106-field_2-container\" class=\"wpforms-field wpforms-field-textarea\" data-field-id=\"2\"><label class=\"wpforms-field-label wpforms-label-hide\" for=\"wpforms-106-field_2\">Message <span class=\"wpforms-required-label\">*<\/span><\/label><textarea id=\"wpforms-106-field_2\" class=\"wpforms-field-large wpforms-field-required\" name=\"wpforms[fields][2]\" placeholder=\"Message\" required><\/textarea><\/div><\/div><!-- .wpforms-field-container --><div class=\"wpforms-field wpforms-field-hp\"><label for=\"wpforms-106-field-hp\" class=\"wpforms-field-label\">Name<\/label><input type=\"text\" name=\"wpforms[hp]\" id=\"wpforms-106-field-hp\" class=\"wpforms-field-medium\"><\/div><div class=\"wpforms-submit-container\" ><input type=\"hidden\" name=\"wpforms[id]\" value=\"106\"><input type=\"hidden\" name=\"page_title\" value=\"\"><input type=\"hidden\" name=\"page_url\" value=\"https:\/\/www.idv-fr.org\/index.php\/wp-json\/wp\/v2\/pages\/571\"><input type=\"hidden\" name=\"url_referer\" value=\"\"><button type=\"submit\" name=\"wpforms[submit]\" id=\"wpforms-submit-106\" class=\"wpforms-submit\" data-alt-text=\"Sending...\" data-submit-text=\"Envoyer\" aria-live=\"assertive\" value=\"wpforms-submit\">Envoyer<\/button><\/div><\/form><\/div>  <!-- .wpforms-container -->\t\t\t\t<\/div>\n\t\t\t\t<\/div>\n\t\t\t\t\t<\/div>\n\t\t<\/div>\n\t\t\t\t\t<\/div>\n\t\t<\/section>\n\t\t\t\t<section class=\"elementor-section elementor-top-section elementor-element elementor-element-e73e048 elementor-section-boxed elementor-section-height-default elementor-section-height-default\" data-id=\"e73e048\" data-element_type=\"section\">\n\t\t\t\t\t\t<div class=\"elementor-container elementor-column-gap-default\">\n\t\t\t\t\t<div class=\"elementor-column elementor-col-100 elementor-top-column elementor-element elementor-element-fa77235\" data-id=\"fa77235\" data-element_type=\"column\">\n\t\t\t<div class=\"elementor-widget-wrap elementor-element-populated\">\n\t\t\t\t\t\t<div class=\"elementor-element elementor-element-10db550 elementor-widget elementor-widget-text-editor\" data-id=\"10db550\" data-element_type=\"widget\" data-widget_type=\"text-editor.default\">\n\t\t\t\t<div class=\"elementor-widget-container\">\n\t\t\t\t\t\t\t\t\t<h4>MAIL :\u00a0<a href=\"mailto:recrutement@idv-fr.org\">recrutement@idv-fr.org<\/a>\u00a0T\u00c9L\u00c9PHONE : 09.72.14.40.24<\/h4>\t\t\t\t\t\t\t\t<\/div>\n\t\t\t\t<\/div>\n\t\t\t\t\t<\/div>\n\t\t<\/div>\n\t\t\t\t\t<\/div>\n\t\t<\/section>\n\t\t\t\t<section class=\"elementor-section elementor-top-section elementor-element elementor-element-5b626c00 elementor-section-boxed elementor-section-height-default elementor-section-height-default\" data-id=\"5b626c00\" data-element_type=\"section\">\n\t\t\t\t\t\t<div class=\"elementor-container elementor-column-gap-no\">\n\t\t\t\t\t<div class=\"elementor-column elementor-col-100 elementor-top-column elementor-element elementor-element-4768f37e\" data-id=\"4768f37e\" data-element_type=\"column\">\n\t\t\t<div class=\"elementor-widget-wrap elementor-element-populated\">\n\t\t\t\t\t\t<div class=\"elementor-element elementor-element-46e58c44 elementor-widget elementor-widget-heading\" data-id=\"46e58c44\" data-element_type=\"widget\" data-widget_type=\"heading.default\">\n\t\t\t\t<div class=\"elementor-widget-container\">\n\t\t\t\t\t<h2 class=\"elementor-heading-title elementor-size-default\">Nos R\u00e9seaux Sociaux <\/h2>\t\t\t\t<\/div>\n\t\t\t\t<\/div>\n\t\t\t\t<div class=\"elementor-element elementor-element-300b7e61 elementor-widget elementor-widget-heading\" data-id=\"300b7e61\" data-element_type=\"widget\" data-widget_type=\"heading.default\">\n\t\t\t\t<div class=\"elementor-widget-container\">\n\t\t\t\t\t<div class=\"elementor-heading-title elementor-size-medium\">Suivez-nous pour d\u00e9couvrir des photos et vid\u00e9os en exclusivit\u00e9 ! <\/div>\t\t\t\t<\/div>\n\t\t\t\t<\/div>\n\t\t\t\t\t<\/div>\n\t\t<\/div>\n\t\t\t\t\t<\/div>\n\t\t<\/section>\n\t\t\t\t<section class=\"elementor-section elementor-top-section elementor-element elementor-element-2a47401c elementor-section-boxed elementor-section-height-default elementor-section-height-default\" data-id=\"2a47401c\" data-element_type=\"section\">\n\t\t\t\t\t\t<div class=\"elementor-container elementor-column-gap-default\">\n\t\t\t\t\t<div class=\"elementor-column elementor-col-100 elementor-top-column elementor-element elementor-element-7b8e0d00\" data-id=\"7b8e0d00\" data-element_type=\"column\">\n\t\t\t<div class=\"elementor-widget-wrap elementor-element-populated\">\n\t\t\t\t\t\t<div class=\"elementor-element elementor-element-6180fbb5 elementor-shape-rounded elementor-grid-0 e-grid-align-center elementor-widget elementor-widget-social-icons\" data-id=\"6180fbb5\" data-element_type=\"widget\" data-widget_type=\"social-icons.default\">\n\t\t\t\t<div class=\"elementor-widget-container\">\n\t\t\t\t\t\t\t<div class=\"elementor-social-icons-wrapper elementor-grid\" role=\"list\">\n\t\t\t\t\t\t\t<span class=\"elementor-grid-item\" role=\"listitem\">\n\t\t\t\t\t<a class=\"elementor-icon elementor-social-icon elementor-social-icon-facebook elementor-repeater-item-7b08cc6\" href=\"https:\/\/www.facebook.com\/IDVFormation\/\" target=\"_blank\">\n\t\t\t\t\t\t<span class=\"elementor-screen-only\">Facebook<\/span>\n\t\t\t\t\t\t<i class=\"fab fa-facebook\"><\/i>\t\t\t\t\t<\/a>\n\t\t\t\t<\/span>\n\t\t\t\t\t\t\t<span class=\"elementor-grid-item\" role=\"listitem\">\n\t\t\t\t\t<a class=\"elementor-icon elementor-social-icon elementor-social-icon-instagram elementor-repeater-item-7ae9ea1\" href=\"https:\/\/www.instagram.com\/institut_des_viandes\/\" target=\"_blank\">\n\t\t\t\t\t\t<span class=\"elementor-screen-only\">Instagram<\/span>\n\t\t\t\t\t\t<i class=\"fab fa-instagram\"><\/i>\t\t\t\t\t<\/a>\n\t\t\t\t<\/span>\n\t\t\t\t\t\t\t<span class=\"elementor-grid-item\" role=\"listitem\">\n\t\t\t\t\t<a class=\"elementor-icon elementor-social-icon elementor-social-icon-linkedin elementor-repeater-item-0d06d6e\" href=\"https:\/\/www.linkedin.com\/showcase\/institut-des-viandes\/\" target=\"_blank\">\n\t\t\t\t\t\t<span class=\"elementor-screen-only\">Linkedin<\/span>\n\t\t\t\t\t\t<i class=\"fab fa-linkedin\"><\/i>\t\t\t\t\t<\/a>\n\t\t\t\t<\/span>\n\t\t\t\t\t<\/div>\n\t\t\t\t\t\t<\/div>\n\t\t\t\t<\/div>\n\t\t\t\t\t<\/div>\n\t\t<\/div>\n\t\t\t\t\t<\/div>\n\t\t<\/section>\n\t\t\t\t<\/div>\n\t\t","protected":false},"excerpt":{"rendered":"<p>CONTACT BESOIN D&rsquo;UN RENSEIGNEMENT ? UNE QUESTION ? VOUS SOUHAITEZ RECEVOIR L&rsquo;INFORMATION \u00c0 CHAQUE SORTIE DE BULLETIN ? VEUILLEZ REMPLIR LE FORMULAIRE DE CONTACT CI-DESSOUS ! Veuillez activer JavaScript dans votre navigateur pour remplir ce formulaire.Nom *Email *T\u00e9l\u00e9phone *Objet *Message *Phone Envoyer MAIL :\u00a0recrutement@idv-fr.org\u00a0T\u00c9L\u00c9PHONE : 09.72.14.40.24 Nos R\u00e9seaux Sociaux Suivez-nous pour d\u00e9couvrir des photos et &hellip;<\/p>\n<p class=\"read-more\"> <a class=\"\" href=\"https:\/\/www.idv-fr.org\/index.php\/formulaire-contact\/\"> <span class=\"screen-reader-text\">CONTACT<\/span> Lire la suite\u00a0\u00bb<\/a><\/p>\n","protected":false},"author":1,"featured_media":0,"parent":0,"menu_order":3,"comment_status":"closed","ping_status":"closed","template":"","meta":{"site-sidebar-layout":"no-sidebar","site-content-layout":"page-builder","ast-global-header-display":"","ast-banner-title-visibility":"","ast-main-header-display":"","ast-hfb-above-header-display":"","ast-hfb-below-header-display":"","ast-hfb-mobile-header-display":"","site-post-title":"disabled","ast-breadcrumbs-content":"","ast-featured-img":"disabled","footer-sml-layout":"","theme-transparent-header-meta":"","adv-header-id-meta":"","stick-header-meta":"","header-above-stick-meta":"","header-main-stick-meta":"","header-below-stick-meta":"","footnotes":""},"class_list":["post-571","page","type-page","status-publish","hentry"],"yoast_head":"<!-- This site is optimized with the Yoast SEO plugin v25.3.1 - https:\/\/yoast.com\/wordpress\/plugins\/seo\/ -->\n<title>CONTACT - IDV<\/title>\n<meta name=\"description\" content=\"Vous souhaitez \u00e9crire \u00e0 l&#039;Institut des Viandes pour en savoir plus ? Vous avez une question ? Remplissez le formulaire de contact !\" \/>\n<meta name=\"robots\" content=\"index, follow, max-snippet:-1, max-image-preview:large, max-video-preview:-1\" \/>\n<link rel=\"canonical\" href=\"https:\/\/www.idv-fr.org\/index.php\/formulaire-contact\/\" \/>\n<meta property=\"og:locale\" content=\"fr_FR\" \/>\n<meta property=\"og:type\" content=\"article\" \/>\n<meta property=\"og:title\" content=\"CONTACT - IDV\" \/>\n<meta property=\"og:description\" content=\"Vous souhaitez \u00e9crire \u00e0 l&#039;Institut des Viandes pour en savoir plus ? Vous avez une question ? Remplissez le formulaire de contact !\" \/>\n<meta property=\"og:url\" content=\"https:\/\/www.idv-fr.org\/index.php\/formulaire-contact\/\" \/>\n<meta property=\"og:site_name\" content=\"IDV\" \/>\n<meta property=\"article:publisher\" content=\"https:\/\/www.facebook.com\/IDVFormation\" \/>\n<meta property=\"article:modified_time\" content=\"2025-03-19T11:12:18+00:00\" \/>\n<meta property=\"og:image\" content=\"https:\/\/www.idv-fr.org\/wp-content\/uploads\/2022\/09\/divider-free-img-1.png\" \/>\n<meta name=\"twitter:card\" content=\"summary_large_image\" \/>\n<meta name=\"twitter:label1\" content=\"Dur\u00e9e de lecture estim\u00e9e\" \/>\n\t<meta name=\"twitter:data1\" content=\"1 minute\" \/>\n<script type=\"application\/ld+json\" class=\"yoast-schema-graph\">{\"@context\":\"https:\/\/schema.org\",\"@graph\":[{\"@type\":\"WebPage\",\"@id\":\"https:\/\/www.idv-fr.org\/index.php\/formulaire-contact\/\",\"url\":\"https:\/\/www.idv-fr.org\/index.php\/formulaire-contact\/\",\"name\":\"CONTACT - IDV\",\"isPartOf\":{\"@id\":\"https:\/\/www.idv-fr.org\/#website\"},\"primaryImageOfPage\":{\"@id\":\"https:\/\/www.idv-fr.org\/index.php\/formulaire-contact\/#primaryimage\"},\"image\":{\"@id\":\"https:\/\/www.idv-fr.org\/index.php\/formulaire-contact\/#primaryimage\"},\"thumbnailUrl\":\"https:\/\/www.idv-fr.org\/wp-content\/uploads\/2022\/09\/divider-free-img-1.png\",\"datePublished\":\"2018-10-01T13:10:34+00:00\",\"dateModified\":\"2025-03-19T11:12:18+00:00\",\"description\":\"Vous souhaitez \u00e9crire \u00e0 l'Institut des Viandes pour en savoir plus ? Vous avez une question ? Remplissez le formulaire de contact !\",\"breadcrumb\":{\"@id\":\"https:\/\/www.idv-fr.org\/index.php\/formulaire-contact\/#breadcrumb\"},\"inLanguage\":\"fr-FR\",\"potentialAction\":[{\"@type\":\"ReadAction\",\"target\":[\"https:\/\/www.idv-fr.org\/index.php\/formulaire-contact\/\"]}]},{\"@type\":\"ImageObject\",\"inLanguage\":\"fr-FR\",\"@id\":\"https:\/\/www.idv-fr.org\/index.php\/formulaire-contact\/#primaryimage\",\"url\":\"https:\/\/www.idv-fr.org\/wp-content\/uploads\/2022\/09\/divider-free-img-1.png\",\"contentUrl\":\"https:\/\/www.idv-fr.org\/wp-content\/uploads\/2022\/09\/divider-free-img-1.png\"},{\"@type\":\"BreadcrumbList\",\"@id\":\"https:\/\/www.idv-fr.org\/index.php\/formulaire-contact\/#breadcrumb\",\"itemListElement\":[{\"@type\":\"ListItem\",\"position\":1,\"name\":\"Accueil\",\"item\":\"https:\/\/www.idv-fr.org\/\"},{\"@type\":\"ListItem\",\"position\":2,\"name\":\"CONTACT\"}]},{\"@type\":\"WebSite\",\"@id\":\"https:\/\/www.idv-fr.org\/#website\",\"url\":\"https:\/\/www.idv-fr.org\/\",\"name\":\"IDV\",\"description\":\"Un site utilisant WordPress\",\"publisher\":{\"@id\":\"https:\/\/www.idv-fr.org\/#organization\"},\"potentialAction\":[{\"@type\":\"SearchAction\",\"target\":{\"@type\":\"EntryPoint\",\"urlTemplate\":\"https:\/\/www.idv-fr.org\/?s={search_term_string}\"},\"query-input\":{\"@type\":\"PropertyValueSpecification\",\"valueRequired\":true,\"valueName\":\"search_term_string\"}}],\"inLanguage\":\"fr-FR\"},{\"@type\":\"Organization\",\"@id\":\"https:\/\/www.idv-fr.org\/#organization\",\"name\":\"Institut Des Viandes\",\"url\":\"https:\/\/www.idv-fr.org\/\",\"logo\":{\"@type\":\"ImageObject\",\"inLanguage\":\"fr-FR\",\"@id\":\"https:\/\/www.idv-fr.org\/#\/schema\/logo\/image\/\",\"url\":\"https:\/\/www.idv-fr.org\/wp-content\/uploads\/2022\/09\/LOGO-NOIR-Institut-des-viandes-detoure-1-1.png\",\"contentUrl\":\"https:\/\/www.idv-fr.org\/wp-content\/uploads\/2022\/09\/LOGO-NOIR-Institut-des-viandes-detoure-1-1.png\",\"width\":3008,\"height\":588,\"caption\":\"Institut Des Viandes\"},\"image\":{\"@id\":\"https:\/\/www.idv-fr.org\/#\/schema\/logo\/image\/\"},\"sameAs\":[\"https:\/\/www.facebook.com\/IDVFormation\",\"https:\/\/www.instagram.com\/institut_des_viandes\/\",\"https:\/\/www.linkedin.com\/showcase\/institut-des-viandes\/\"]}]}<\/script>\n<!-- \/ Yoast SEO plugin. -->","yoast_head_json":{"title":"CONTACT - IDV","description":"Vous souhaitez \u00e9crire \u00e0 l'Institut des Viandes pour en savoir plus ? Vous avez une question ? Remplissez le formulaire de contact !","robots":{"index":"index","follow":"follow","max-snippet":"max-snippet:-1","max-image-preview":"max-image-preview:large","max-video-preview":"max-video-preview:-1"},"canonical":"https:\/\/www.idv-fr.org\/index.php\/formulaire-contact\/","og_locale":"fr_FR","og_type":"article","og_title":"CONTACT - IDV","og_description":"Vous souhaitez \u00e9crire \u00e0 l'Institut des Viandes pour en savoir plus ? Vous avez une question ? Remplissez le formulaire de contact !","og_url":"https:\/\/www.idv-fr.org\/index.php\/formulaire-contact\/","og_site_name":"IDV","article_publisher":"https:\/\/www.facebook.com\/IDVFormation","article_modified_time":"2025-03-19T11:12:18+00:00","og_image":[{"url":"https:\/\/www.idv-fr.org\/wp-content\/uploads\/2022\/09\/divider-free-img-1.png","type":"","width":"","height":""}],"twitter_card":"summary_large_image","twitter_misc":{"Dur\u00e9e de lecture estim\u00e9e":"1 minute"},"schema":{"@context":"https:\/\/schema.org","@graph":[{"@type":"WebPage","@id":"https:\/\/www.idv-fr.org\/index.php\/formulaire-contact\/","url":"https:\/\/www.idv-fr.org\/index.php\/formulaire-contact\/","name":"CONTACT - IDV","isPartOf":{"@id":"https:\/\/www.idv-fr.org\/#website"},"primaryImageOfPage":{"@id":"https:\/\/www.idv-fr.org\/index.php\/formulaire-contact\/#primaryimage"},"image":{"@id":"https:\/\/www.idv-fr.org\/index.php\/formulaire-contact\/#primaryimage"},"thumbnailUrl":"https:\/\/www.idv-fr.org\/wp-content\/uploads\/2022\/09\/divider-free-img-1.png","datePublished":"2018-10-01T13:10:34+00:00","dateModified":"2025-03-19T11:12:18+00:00","description":"Vous souhaitez \u00e9crire \u00e0 l'Institut des Viandes pour en savoir plus ? Vous avez une question ? Remplissez le formulaire de contact !","breadcrumb":{"@id":"https:\/\/www.idv-fr.org\/index.php\/formulaire-contact\/#breadcrumb"},"inLanguage":"fr-FR","potentialAction":[{"@type":"ReadAction","target":["https:\/\/www.idv-fr.org\/index.php\/formulaire-contact\/"]}]},{"@type":"ImageObject","inLanguage":"fr-FR","@id":"https:\/\/www.idv-fr.org\/index.php\/formulaire-contact\/#primaryimage","url":"https:\/\/www.idv-fr.org\/wp-content\/uploads\/2022\/09\/divider-free-img-1.png","contentUrl":"https:\/\/www.idv-fr.org\/wp-content\/uploads\/2022\/09\/divider-free-img-1.png"},{"@type":"BreadcrumbList","@id":"https:\/\/www.idv-fr.org\/index.php\/formulaire-contact\/#breadcrumb","itemListElement":[{"@type":"ListItem","position":1,"name":"Accueil","item":"https:\/\/www.idv-fr.org\/"},{"@type":"ListItem","position":2,"name":"CONTACT"}]},{"@type":"WebSite","@id":"https:\/\/www.idv-fr.org\/#website","url":"https:\/\/www.idv-fr.org\/","name":"IDV","description":"Un site utilisant WordPress","publisher":{"@id":"https:\/\/www.idv-fr.org\/#organization"},"potentialAction":[{"@type":"SearchAction","target":{"@type":"EntryPoint","urlTemplate":"https:\/\/www.idv-fr.org\/?s={search_term_string}"},"query-input":{"@type":"PropertyValueSpecification","valueRequired":true,"valueName":"search_term_string"}}],"inLanguage":"fr-FR"},{"@type":"Organization","@id":"https:\/\/www.idv-fr.org\/#organization","name":"Institut Des Viandes","url":"https:\/\/www.idv-fr.org\/","logo":{"@type":"ImageObject","inLanguage":"fr-FR","@id":"https:\/\/www.idv-fr.org\/#\/schema\/logo\/image\/","url":"https:\/\/www.idv-fr.org\/wp-content\/uploads\/2022\/09\/LOGO-NOIR-Institut-des-viandes-detoure-1-1.png","contentUrl":"https:\/\/www.idv-fr.org\/wp-content\/uploads\/2022\/09\/LOGO-NOIR-Institut-des-viandes-detoure-1-1.png","width":3008,"height":588,"caption":"Institut Des Viandes"},"image":{"@id":"https:\/\/www.idv-fr.org\/#\/schema\/logo\/image\/"},"sameAs":["https:\/\/www.facebook.com\/IDVFormation","https:\/\/www.instagram.com\/institut_des_viandes\/","https:\/\/www.linkedin.com\/showcase\/institut-des-viandes\/"]}]}},"_links":{"self":[{"href":"https:\/\/www.idv-fr.org\/index.php\/wp-json\/wp\/v2\/pages\/571","targetHints":{"allow":["GET"]}}],"collection":[{"href":"https:\/\/www.idv-fr.org\/index.php\/wp-json\/wp\/v2\/pages"}],"about":[{"href":"https:\/\/www.idv-fr.org\/index.php\/wp-json\/wp\/v2\/types\/page"}],"author":[{"embeddable":true,"href":"https:\/\/www.idv-fr.org\/index.php\/wp-json\/wp\/v2\/users\/1"}],"replies":[{"embeddable":true,"href":"https:\/\/www.idv-fr.org\/index.php\/wp-json\/wp\/v2\/comments?post=571"}],"version-history":[{"count":48,"href":"https:\/\/www.idv-fr.org\/index.php\/wp-json\/wp\/v2\/pages\/571\/revisions"}],"predecessor-version":[{"id":3870,"href":"https:\/\/www.idv-fr.org\/index.php\/wp-json\/wp\/v2\/pages\/571\/revisions\/3870"}],"wp:attachment":[{"href":"https:\/\/www.idv-fr.org\/index.php\/wp-json\/wp\/v2\/media?parent=571"}],"curies":[{"name":"wp","href":"https:\/\/api.w.org\/{rel}","templated":true}]}}